{"id":64,"date":"2016-06-24T14:48:15","date_gmt":"2016-06-24T14:48:15","guid":{"rendered":"http:\/\/ds-mt.de\/?page_id=64"},"modified":"2016-10-18T17:06:19","modified_gmt":"2016-10-18T17:06:19","slug":"rezeptleistungen","status":"publish","type":"page","link":"https:\/\/ds-mt.de\/?page_id=64","title":{"rendered":"Rezeptleistungen"},"content":{"rendered":"<ul><li><a href=\"#inline_demo0\" rel=\"prettyPhoto[light_roundedGROUP1]\">Manuelle Lymphdrainage<\/a><\/li><li><a href=\"#inline_demo1\" rel=\"prettyPhoto[light_roundedGROUP1]\">Manuelle Therapie<\/a><\/li><li><a href=\"#inline_demo2\" rel=\"prettyPhoto[light_roundedGROUP1]\">Klassische Massagetherapie<\/a><\/li><li><a href=\"#inline_demo3\" rel=\"prettyPhoto[light_roundedGROUP1]\">Bindegewebsmassage<\/a><\/li><li><a href=\"#inline_demo4\" rel=\"prettyPhoto[light_roundedGROUP1]\">Thermotherapie<\/a><\/li><li><a href=\"#inline_demo5\" rel=\"prettyPhoto[light_roundedGROUP1]\">\u00dcbungsbehandlung<\/a><\/li><\/ul><div id=\"inline_demo0\" style=\"display:none;\">Manuelle Lymphdrainage:<br \/><br \/>Ist eine besondere Behandlungstechnik zur Stimulierung und Entstauung des Lymphgef\u00e4\u00dfsystems und zum Transportieren von Lymphfl\u00fcssigkeit und Eiwei\u00df. <br \/><\/div><div id=\"inline_demo1\" style=\"display:none;\">Manuelle Therapie:<br \/><br \/>Ist ein physiotherapeutisches Konzept zur Untersuchung und Behandlung von Funktionsst\u00f6rungen des Bewegungsapparates. Haupteinsatzgebiete der Manuellen Therapie liegen im orthop\u00e4dischen, traumatologischen und sportmedizinischen Bereich. Es werden Blockaden gel\u00f6st, die Muskel -u. Nervenspannung reguliert sich und Schmerzen werden reduziert. <br \/><\/div><div id=\"inline_demo2\" style=\"display:none;\">Klassische Massagetherapie:<br \/><br \/>Ist eine \u00e4u\u00dferliche, manuelle Behandlung bei Beschwerden im Bereich des Bewegungsapparates durch verschiedenste Massagetechniken. Es k\u00f6nnen auch innere Organe und die Psyche positiv beeinflusst werden.<\/div><div id=\"inline_demo3\" style=\"display:none;\">Bindegewebsmassage:<br \/><br \/>Ist eine manuelle Reiztherapie, die mit Zugreizen am Bindegewebeansetzt. Es werden hierbei Haut- Unterhaut- Faszientechniken zur Behandlung der Bindegwebszonen eingesetzt. Der Bewegungsapparat, die Haut sowie innere Organe k\u00f6nnen stark beeinflusst werden.<br \/><\/div><div id=\"inline_demo4\" style=\"display:none;\">Thermotherapie: <br \/><br \/>Ist ein Anwendungsverfahren, welches auf W\u00e4rme oder K\u00e4lte basiert wie z. B. Fango, Moorpackungen, Eislolli oder K\u00fchlpackungen. Es k\u00f6nnen damit Gelenke sowie Muskeln positiv beeinflusst werden. <\/div><div id=\"inline_demo5\" style=\"display:none;\">\u00dcbungsbehandlung:<br \/><br \/>Ist eine befundgerechte, gezielte Behandlungsma\u00dfnahme mit passiven, aktiven und aktiv passiv gef\u00fchrten \u00dcbungen, Widerstands\u00fcbungen einschlie\u00dflich Halte\u00fcbungen.<br \/><\/div><script type=\"text\/javascript\" charset=\"utf-8\">jQuery(document).ready(function(){jQuery(\"a[rel^='prettyPhoto']\").prettyPhoto({overlay_gallery: false, \"theme\": 'light_rounded', social_tools: false});});<\/script>\n","protected":false},"excerpt":{"rendered":"","protected":false},"author":2,"featured_media":0,"parent":0,"menu_order":0,"comment_status":"closed","ping_status":"closed","template":"","meta":{"footnotes":""},"class_list":["post-64","page","type-page","status-publish","hentry"],"_links":{"self":[{"href":"https:\/\/ds-mt.de\/index.php?rest_route=\/wp\/v2\/pages\/64","targetHints":{"allow":["GET"]}}],"collection":[{"href":"https:\/\/ds-mt.de\/index.php?rest_route=\/wp\/v2\/pages"}],"about":[{"href":"https:\/\/ds-mt.de\/index.php?rest_route=\/wp\/v2\/types\/page"}],"author":[{"embeddable":true,"href":"https:\/\/ds-mt.de\/index.php?rest_route=\/wp\/v2\/users\/2"}],"replies":[{"embeddable":true,"href":"https:\/\/ds-mt.de\/index.php?rest_route=%2Fwp%2Fv2%2Fcomments&post=64"}],"version-history":[{"count":11,"href":"https:\/\/ds-mt.de\/index.php?rest_route=\/wp\/v2\/pages\/64\/revisions"}],"predecessor-version":[{"id":225,"href":"https:\/\/ds-mt.de\/index.php?rest_route=\/wp\/v2\/pages\/64\/revisions\/225"}],"wp:attachment":[{"href":"https:\/\/ds-mt.de\/index.php?rest_route=%2Fwp%2Fv2%2Fmedia&parent=64"}],"curies":[{"name":"wp","href":"https:\/\/api.w.org\/{rel}","templated":true}]}}