{"id":49,"date":"2016-06-24T14:13:27","date_gmt":"2016-06-24T14:13:27","guid":{"rendered":"http:\/\/ds-mt.de\/?page_id=49"},"modified":"2016-10-25T06:34:45","modified_gmt":"2016-10-25T06:34:45","slug":"abrechnung","status":"publish","type":"page","link":"https:\/\/ds-mt.de\/?page_id=49","title":{"rendered":"Abrechnung"},"content":{"rendered":"<p style=\"text-align: left;\">Die\u00a0Therapie\u00a0erfolgt\u00a0gem\u00e4\u00df\u00a0\u00e4rztlicher\u00a0Verordnung\u00a0oder\u00a0auf\u00a0ausdr\u00fccklichen Wunsch\u00a0des\u00a0Patienten\u00a0und\u00a0gem\u00e4\u00df\u00a0Patientenrechtegesetz\u00a0nach\u00a0anerkanntem fachlichen\u00a0Standard. Die\u00a0Behandlung\u00a0von\u00a0Privatpatienten\u00a0ist\u00a0in\u00a0Deutschland\u00a0nicht\u00a0abschlie\u00dfend\u00a0durch eine\u00a0Geb\u00fchrenordnung,\u00a0auch\u00a0nicht\u00a0durch\u00a0die\u00a0GO\u00c4\u00a0geregelt.\u00a0Aus\u00a0diesem\u00a0Grund\u00a0kann\u00a0jeder\u00a0Therapeut\u00a0eigene,\u00a0angemessene\u00a0Preise\u00a0f\u00fcr\u00a0seine Leistungen\u00a0erheben.<\/p>\n<p style=\"text-align: left;\">Ich\u00a0halte\u00a0mich\u00a0bei\u00a0der\u00a0Festsetzung\u00a0meiner\u00a0Geb\u00fchren weitestgehend\u00a0an\u00a0die\u00a0Geb\u00fcTH\u00a0(\u00a0Geb\u00fchren\u00fcbersicht\u00a0f\u00fcr\u00a0Therapeuten)\u00a0und\u00a0weise ausdr\u00fccklich\u00a0darauf\u00a0hin,\u00a0dass\u00a0diese\u00a0Geb\u00fchren\u00a0\u00a0teilweise\u00a0die\u00a0erstattungsf\u00e4higen H\u00f6chsts\u00e4tze\u00a0\u00fcbersteigen. Mit\u00a0seiner\u00a0Unterschrift\u00a0erkennt\u00a0der\u00a0Patient\u00a0das\u00a0entsprechende\u00a0Honorar\u00a0f\u00fcr\u00a0die durchzuf\u00fchrende\u00a0Behandlung\u00a0an\u00a0und\u00a0verpflichtet\u00a0sich\u00a0zur\u00a0Zahlung\u00a0der\u00a0Verg\u00fctung im\u00a0Anschluss\u00a0an\u00a0die\u00a0Behandlung\u00a0in\u00a0bar\u00a0oder\u00a0per\u00a0EC-Karte.<\/p>\n","protected":false},"excerpt":{"rendered":"<p>Die\u00a0Therapie\u00a0erfolgt\u00a0gem\u00e4\u00df\u00a0\u00e4rztlicher\u00a0Verordnung\u00a0oder\u00a0auf\u00a0ausdr\u00fccklichen Wunsch\u00a0des\u00a0Patienten\u00a0und\u00a0gem\u00e4\u00df\u00a0Patientenrechtegesetz\u00a0nach\u00a0anerkanntem fachlichen\u00a0Standard. Die\u00a0Behandlung\u00a0von\u00a0Privatpatienten\u00a0ist\u00a0in\u00a0Deutschland\u00a0nicht\u00a0abschlie\u00dfend\u00a0durch eine\u00a0Geb\u00fchrenordnung,\u00a0auch\u00a0nicht\u00a0durch\u00a0die\u00a0GO\u00c4\u00a0geregelt.\u00a0Aus\u00a0diesem\u00a0Grund\u00a0kann\u00a0jeder\u00a0Therapeut\u00a0eigene,\u00a0angemessene\u00a0Preise\u00a0f\u00fcr\u00a0seine Leistungen\u00a0erheben. Ich\u00a0halte\u00a0mich\u00a0bei\u00a0der\u00a0Festsetzung\u00a0meiner\u00a0Geb\u00fchren weitestgehend\u00a0an\u00a0die\u00a0Geb\u00fcTH\u00a0(\u00a0Geb\u00fchren\u00fcbersicht\u00a0f\u00fcr\u00a0Therapeuten)\u00a0und\u00a0weise ausdr\u00fccklich\u00a0darauf\u00a0hin,\u00a0dass\u00a0diese\u00a0Geb\u00fchren\u00a0\u00a0teilweise\u00a0die\u00a0erstattungsf\u00e4higen H\u00f6chsts\u00e4tze\u00a0\u00fcbersteigen. Mit\u00a0seiner\u00a0Unterschrift\u00a0erkennt\u00a0der\u00a0Patient\u00a0das\u00a0entsprechende\u00a0Honorar\u00a0f\u00fcr\u00a0die durchzuf\u00fchrende\u00a0Behandlung\u00a0an\u00a0und\u00a0verpflichtet\u00a0sich\u00a0zur\u00a0Zahlung\u00a0der\u00a0Verg\u00fctung im\u00a0Anschluss\u00a0an\u00a0die\u00a0Behandlung\u00a0in\u00a0bar\u00a0oder\u00a0per\u00a0EC-Karte.<\/p>\n","protected":false},"author":2,"featured_media":0,"parent":0,"menu_order":6,"comment_status":"closed","ping_status":"closed","template":"","meta":{"footnotes":""},"class_list":["post-49","page","type-page","status-publish","hentry"],"_links":{"self":[{"href":"https:\/\/ds-mt.de\/index.php?rest_route=\/wp\/v2\/pages\/49","targetHints":{"allow":["GET"]}}],"collection":[{"href":"https:\/\/ds-mt.de\/index.php?rest_route=\/wp\/v2\/pages"}],"about":[{"href":"https:\/\/ds-mt.de\/index.php?rest_route=\/wp\/v2\/types\/page"}],"author":[{"embeddable":true,"href":"https:\/\/ds-mt.de\/index.php?rest_route=\/wp\/v2\/users\/2"}],"replies":[{"embeddable":true,"href":"https:\/\/ds-mt.de\/index.php?rest_route=%2Fwp%2Fv2%2Fcomments&post=49"}],"version-history":[{"count":12,"href":"https:\/\/ds-mt.de\/index.php?rest_route=\/wp\/v2\/pages\/49\/revisions"}],"predecessor-version":[{"id":242,"href":"https:\/\/ds-mt.de\/index.php?rest_route=\/wp\/v2\/pages\/49\/revisions\/242"}],"wp:attachment":[{"href":"https:\/\/ds-mt.de\/index.php?rest_route=%2Fwp%2Fv2%2Fmedia&parent=49"}],"curies":[{"name":"wp","href":"https:\/\/api.w.org\/{rel}","templated":true}]}}