{"id":2,"date":"2016-05-10T03:48:21","date_gmt":"2016-05-10T03:48:21","guid":{"rendered":"http:\/\/wp452m.a10-52-158-154.qa.plesk.ru\/wordpress\/?page_id=2"},"modified":"2016-10-18T17:32:39","modified_gmt":"2016-10-18T17:32:39","slug":"sample-page","status":"publish","type":"page","link":"https:\/\/ds-mt.de\/?page_id=2","title":{"rendered":"Selbstzahlerleistungen"},"content":{"rendered":"<ul><li><a href=\"#inline_demo0\" rel=\"prettyPhoto[light_roundedGROUP3]\">Klassische Massage 50 Minuten<\/a><\/li><li><a href=\"#inline_demo1\" rel=\"prettyPhoto[light_roundedGROUP3]\">Klassische Massage 25 Minuten<\/a><\/li><li><a href=\"#inline_demo2\" rel=\"prettyPhoto[light_roundedGROUP3]\">Fu\u00dfreflexzonentherapie 50 Minuten<\/a><\/li><li><a href=\"#inline_demo3\" rel=\"prettyPhoto[light_roundedGROUP3]\">Fu\u00dfreflexzonentherapie 25 Minuten<\/a><\/li><li><a href=\"#inline_demo4\" rel=\"prettyPhoto[light_roundedGROUP3]\">Kinesiotape klein<\/a><\/li><li><a href=\"#inline_demo5\" rel=\"prettyPhoto[light_roundedGROUP3]\">Kinesiotape gro\u00df <\/a><\/li><\/ul><div id=\"inline_demo0\" style=\"display:none;\">Klassische Massage 50 Minuten:<br \/><br \/>Ist eine \u00e4u\u00dferliche, manuelle Behandlung bei Beschwerden im Bereich des Bewegungsapparates durch verschiedenste Massagetechniken. Es k\u00f6nnen auch innere Organe und die Psyche positiv beeinflusst werden. <br \/><\/div><div id=\"inline_demo1\" style=\"display:none;\">Klassische Massage 25 Minuten:<br \/><br \/>Ist eine \u00e4u\u00dferliche, manuelle Behandlung bei Beschwerden im Bereich des Bewegungsapparates durch verschiedenste Massagetechniken. Es k\u00f6nnen auch innere Organe und die Psyche positiv beeinflusst werden. <\/div><div id=\"inline_demo2\" style=\"display:none;\">Fu\u00dfreflexzonentherapie 50 Minuten:<br \/><br \/>Es handelt sich um ein alternatives Heilverfahren, bei der man gezielt bestimmte Punkte an der Fu\u00dfsohle stimuliert, welche Bezug zu inneren Organen, Knochen, Muskeln oder Gef\u00e4\u00dfen haben.<\/div><div id=\"inline_demo3\" style=\"display:none;\">Fu\u00dfreflexzonentherapie 25 Minuten:<br \/><br \/>Ist ein Behandlungsverfahren, bei der elastische Tapestreifen auf bestimmte Weise auf die Haut appliziert werden. Muskeln, Gelenke, Lymphgef\u00e4\u00dfsystem sowie innerer Organe k\u00f6nnen positiv beeinflusst werden.<\/div><div id=\"inline_demo4\" style=\"display:none;\">Kinesiotape klein:<br \/><br \/>Ist ein Behandlungsverfahren, bei der elastische Tapestreifen auf bestimmte Weise auf die Haut appliziert werden. Muskeln, Gelenke, Lymphgef\u00e4\u00dfsystem sowie innerer Organe k\u00f6nnen positiv beeinflusst werden.<\/div><div id=\"inline_demo5\" style=\"display:none;\">Kinesiotape gro\u00df:<br \/><br \/>Ist ein Behandlungsverfahren, bei der elastische Tapestreifen auf bestimmte Weise auf die Haut appliziert werden. Muskeln, Gelenke, Lymphgef\u00e4\u00dfsystem sowie innerer Organe k\u00f6nnen positiv beeinflusst werden.<\/div><script type=\"text\/javascript\" charset=\"utf-8\">jQuery(document).ready(function(){jQuery(\"a[rel^='prettyPhoto']\").prettyPhoto({overlay_gallery: false, \"theme\": 'light_rounded', social_tools: false});});<\/script>\n","protected":false},"excerpt":{"rendered":"","protected":false},"author":1,"featured_media":0,"parent":0,"menu_order":0,"comment_status":"closed","ping_status":"open","template":"","meta":{"footnotes":""},"class_list":["post-2","page","type-page","status-publish","hentry"],"_links":{"self":[{"href":"https:\/\/ds-mt.de\/index.php?rest_route=\/wp\/v2\/pages\/2","targetHints":{"allow":["GET"]}}],"collection":[{"href":"https:\/\/ds-mt.de\/index.php?rest_route=\/wp\/v2\/pages"}],"about":[{"href":"https:\/\/ds-mt.de\/index.php?rest_route=\/wp\/v2\/types\/page"}],"author":[{"embeddable":true,"href":"https:\/\/ds-mt.de\/index.php?rest_route=\/wp\/v2\/users\/1"}],"replies":[{"embeddable":true,"href":"https:\/\/ds-mt.de\/index.php?rest_route=%2Fwp%2Fv2%2Fcomments&post=2"}],"version-history":[{"count":11,"href":"https:\/\/ds-mt.de\/index.php?rest_route=\/wp\/v2\/pages\/2\/revisions"}],"predecessor-version":[{"id":230,"href":"https:\/\/ds-mt.de\/index.php?rest_route=\/wp\/v2\/pages\/2\/revisions\/230"}],"wp:attachment":[{"href":"https:\/\/ds-mt.de\/index.php?rest_route=%2Fwp%2Fv2%2Fmedia&parent=2"}],"curies":[{"name":"wp","href":"https:\/\/api.w.org\/{rel}","templated":true}]}}