{"id":192,"date":"2016-10-18T15:29:20","date_gmt":"2016-10-18T15:29:20","guid":{"rendered":"http:\/\/ds-mt.de\/?page_id=192"},"modified":"2018-12-22T08:16:39","modified_gmt":"2018-12-22T08:16:39","slug":"kontakt","status":"publish","type":"page","link":"https:\/\/ds-mt.de\/?page_id=192","title":{"rendered":"Kontakt"},"content":{"rendered":"<div class=\"wpe-box wpe-box-note\">\n<p>F\u00fcr eine Terminvereinbarung nutzen Sie bitte das Kontaktformular oder rufen mich\u00a0an.<\/p>\n<p><strong>David Schulz \u2013 Manuelle Therapie<\/strong><br \/>\nNeuer Wall 71<br \/>\n20354 Hamburg<\/p>\n<p>Weitere Termine nach Vereinbarung.<\/p>\n<p>E-Mail:\u00a0david.schulzpraxis@googlemail.com<br \/>\nTelefon:\u00a0+49 (0)176 42914145<\/p>\n<ul><li><a href=\"#inline_demo0\" rel=\"prettyPhoto[light_roundedGROUP2]\">Impressum &amp; Disclaimer<\/a><\/li><\/ul><div id=\"inline_demo0\" style=\"display:none;\">Angaben gem\u00e4\u00df \u00a7 5 TMG:<br \/><br \/>David Schulz - Manuelle Therapie<br \/>Neuer Wall 71<br \/>20354 Hamburg<br \/>Telefon: +49 (0)176 42914145<br \/>E-Mail: david.schulzpraxis@googlemail.com<br \/><br \/>Aufsichtsbeh\u00f6rde:<br \/><br \/>Gesundheitsamt: Hamburg<br \/>Berufsbezeichnung: Masseur\/medizinischer Bademeister<br \/><br \/>Angaben zur Berufshaftpflichtversicherung, Name und Sitz der Gesellschaft:<br \/><br \/>Continentale<br \/>Sachversicherung AG<br \/>Servicecenter Gewerbe Haftpflicht 2<br \/>Ruhrallee 92<br \/>44139 Dortmund<br \/><br \/>Geltungsraum der Versicherung: Deutschland<br \/><br \/>Haftungsausschluss:<br \/><br \/>1. Inhalt des Onlineangebotes<br \/>Der Autor \u00fcbernimmt keinerlei Gew\u00e4hr f\u00fcr die Aktualit\u00e4t, Korrektheit, Vollst\u00e4ndigkeit oder Qualit\u00e4t der bereitgestellten Informationen. Haftungsanspr\u00fcche gegen den Autor, welche sich auf Sch\u00e4den materieller oder ideeller Art beziehen, die durch die Nutzung oder Nichtnutzung der dargebotenen Informationen bzw. durch die Nutzung fehlerhafter und unvollst\u00e4ndiger Informationen verursacht wurden, sind grunds\u00e4tzlich ausgeschlossen, sofern seitens des Autors kein nachweislich vors\u00e4tzliches oder grob fahrl\u00e4ssiges Verschulden vorliegt. Alle Angebote sind freibleibend und unverbindlich. Der Autor beh\u00e4lt es sich ausdr\u00fccklich vor, Teile der Seiten oder das gesamte Angebot ohne gesonderte Ank\u00fcndigung zu ver\u00e4ndern, zu erg\u00e4nzen, zu l\u00f6schen oder die Ver\u00f6ffentlichung zeitweise oder endg\u00fcltig einzustellen.<br \/><br \/>2. Verweise und Links<br \/>Bei direkten oder indirekten Verweisen auf fremde Internetseiten (\"Links\"), die au\u00dferhalb des Verantwortungsbereiches des Autors liegen, w\u00fcrde eine Haftungsverpflichtung ausschlie\u00dflich in dem Fall in Kraft treten, in dem der Autor von den Inhalten Kenntnis hat und es ihm technisch m\u00f6glich und zumutbar w\u00e4re, die Nutzung im Falle rechtswidriger Inhalte zu verhindern. Der Autor erkl\u00e4rt hiermit ausdr\u00fccklich, dass zum Zeitpunkt der Linksetzung keine illegalen Inhalte auf den zu verlinkenden Seiten erkennbar waren. Auf die aktuelle und zuk\u00fcnftige Gestaltung, die Inhalte oder die Urheberschaft der gelinkten\/verkn\u00fcpften Seiten hat der Autor keinerlei Einfluss. Deshalb distanziert er sich hiermit ausdr\u00fccklich von allen Inhalten aller gelinkten \/verkn\u00fcpften Seiten, die nach der Linksetzung ver\u00e4ndert wurden. Diese Feststellung gilt f\u00fcr alle innerhalb des eigenen Internetauftrittes gesetzten Links und Verweise sowie f\u00fcr Fremdeintr\u00e4ge in vom Autor eingerichteten G\u00e4steb\u00fcchern, Diskussionsforen und Mailinglisten. F\u00fcr illegale, fehlerhafte oder unvollst\u00e4ndige Inhalte und insbesondere f\u00fcr Sch\u00e4den, die aus der Nutzung oder Nichtnutzung solcherart dargebotener Informationen entstehen, haftet allein der Anbieter der Seite, auf welche verwiesen wurde, nicht derjenige, der \u00fcber Links auf die jeweilige Ver\u00f6ffentlichung lediglich verweist.<br \/><br \/>3. Urheber- und Kennzeichenrecht<br \/>Der Autor ist bestrebt, in allen Publikationen die Urheberrechte der verwendeten Grafiken und Texte zu beachten, von ihm selbst erstellte Grafiken und Texte zu nutzen oder auf lizenzfreie Grafiken und Texte zur\u00fcckzugreifen. Alle innerhalb des Internetangebotes genannten und ggf. durch Dritte gesch\u00fctzten Marken- und Warenzeichen unterliegen uneingeschr\u00e4nkt den Bestimmungen des jeweils g\u00fcltigen Kennzeichenrechts und den Besitzrechten der jeweiligen eingetragenen Eigent\u00fcmer. Allein aufgrund der blo\u00dfen Nennung ist nicht der Schluss zu ziehen, dass Markenzeichen nicht durch Rechte Dritter gesch\u00fctzt sind! Das Copyright f\u00fcr ver\u00f6ffentlichte, vom Autor selbst erstellte Objekte bleibt allein beim Autor der Seiten. Eine Vervielf\u00e4ltigung oder Verwendung solcher Grafiken und Texte in anderen elektronischen oder gedruckten Publikationen ist ohne ausdr\u00fcckliche Zustimmung des Autors nicht gestattet.<br \/><br \/>4. Datenschutz<br \/>Sofern innerhalb des Internetauftrittes die M\u00f6glichkeit zur Eingabe pers\u00f6nlicher oder gesch\u00e4ftlicher Daten (Emailadressen, Namen, Anschriften) besteht, so erfolgt die Preisgabe dieser Daten seitens des Nutzers auf ausdr\u00fccklich freiwilliger Basis.<br \/><br \/>5. Google Analytics<br \/>Diese Webseite benutzt Google Analytics, einen Webanalysedienst der Google Inc. (Google). Google Analytics verwendet sogenannte Cookies, Textdateien, die auf Ihrem Computer gespeichert werden und die eine Analyse der Benutzung der Webseite durch Sie erm\u00f6glicht. Die durch den Cookie erzeugten Informationen \u00fcber Ihre Benutzung dieser Webseite (einschlie\u00dflich Ihrer IP-Adresse) wird an einen Server der Google Inc. in den USA \u00fcbertragen und dort gespeichert. Google wird diese Informationen benutzen, um Ihre Nutzung der Website auszuwerten, um Reports \u00fcber die Webseiteaktivit\u00e4ten f\u00fcr die Webseitebetreiber zusammenzustellen und um weitere mit der Webseitenutzung und der Internetnutzung verbundene Dienstleistungen zu erbringen. Auch wird Google diese Informationen gegebenenfalls an Dritte \u00fcbertragen, sofern dies gesetzlich vorgeschrieben oder soweit Dritte diese Daten im Auftrag von Google verarbeiten. Google wird in keinem Fall Ihre IP-Adresse mit anderen Daten der Google Inc. in Verbindung bringen. Sie k\u00f6nnen die Installation der Cookies durch eine entsprechende Einstellung Ihrer Browser Software verhindern; wir weisen Sie jedoch darauf hin, dass Sie in diesem Fall gegebenenfalls nicht s\u00e4mtliche Funktionen dieser Webseite voll umf\u00e4nglich nutzen k\u00f6nnen. Durch die Nutzung dieser Webseite erkl\u00e4ren Sie sich mit der Bearbeitung der \u00fcber Sie erhobenen Daten durch Google in der zuvor beschriebenen Art und Weise und zu dem zuvor benannten Zweck einverstanden.<br \/><br \/>6. Rechtswirksamkeit dieses Haftungsausschlusses<br \/>Dieser Haftungsausschluss ist als Teil der Internetauftrittes zu betrachten, von dem aus auf diese Seite verwiesen wurde. Sofern Teile oder einzelne Formulierungen dieses Textes der geltenden Rechtslage nicht, nicht mehr oder nicht vollst\u00e4ndig entsprechen sollten, bleiben die \u00fcbrigen Teile des Dokumentes in ihrem Inhalt und ihrer G\u00fcltigkeit davon unber\u00fchrt. Der Internetauftritt ist ausschlie\u00dflich f\u00fcr Deutschland bestimmt. Es gilt somit Deutsches Recht.<\/div><script type=\"text\/javascript\" charset=\"utf-8\">jQuery(document).ready(function(){jQuery(\"a[rel^='prettyPhoto']\").prettyPhoto({overlay_gallery: false, \"theme\": 'light_rounded', social_tools: false});});<\/script>\n<\/div>\n<style type=\"text\/css\" id=\"cspFormShell_9_524769_style\">#cspFormShell_9_524769 {}\n#cspFormShell_9_524769 label {\n\twidth: 100%;\n}\n\/*Fields shell basic*\/\n#cspFormShell_9_524769 input:not([type=\"checkbox\"]):not([type=\"radio\"]),\n#cspFormShell_9_524769 textarea,\n#cspFormShell_9_524769 .cfsListSelect, \n#cspFormShell_9_524769 .cfsCheck,\n#cspFormShell_9_524769 button {\n    padding: 10px;\n    width: 100%;\n    font-size: 12px;\n    line-height: normal;  \tborder: 1px solidrgba(205,205,205,1);\n  \tbackground-color:#ffffff;    hyphens: none;\n    border-radius: 4px;\n    margin: 0;\n    max-width: 100%;\n    vertical-align: baseline;\n  \tdisplay: block;\n  \tcolor: #333;\n  \theight: auto;\n}\n#cspFormShell_9_524769 input:not([type=\"checkbox\"]):not([type=\"radio\"]):focus,\n#cspFormShell_9_524769 textarea:focus,\n#cspFormShell_9_524769 .cfsListSelect:focus, \n#cspFormShell_9_524769 .cfsChec:focus {  \tborder: 1px solid #cdcdcd;\n  \tcolor: #cdcdcd;}\n#cspFormShell_9_524769 .cfsFieldShell input[type=\"submit\"]:not([type=\"checkbox\"]):not([type=\"radio\"]), \n#cspFormShell_9_524769 .cfsFieldShell input[type=\"reset\"]:not([type=\"checkbox\"]):not([type=\"radio\"]), \n#cspFormShell_9_524769 .cfsFieldShell input[type=\"button\"],\n#cspFormShell_9_524769 .cfsFieldShell button {\n\tcursor: pointer;\n  \tfont-weight: 700;\n    border: 0 none;\n    color: #fff;\n    text-transform: uppercase;\n  \t-webkit-appearance: none;\n}\n#cspFormShell_9_524769 .cfsFieldShell input[type=\"submit\"]:not([type=\"checkbox\"]):not([type=\"radio\"]), \n#cspFormShell_9_524769 .cfsFieldShell input[type=\"button\"],\n#cspFormShell_9_524769 .cfsFieldShell button {  \tbackground-color: #cdcdcd;\n  \tbackground-image: none;}\n#cspFormShell_9_524769 .cfsFieldShell input[type=\"submit\"]:not([type=\"checkbox\"]):not([type=\"radio\"]):hover, \n#cspFormShell_9_524769 .cfsFieldShell input[type=\"button\"]:hover,\n#cspFormShell_9_524769 .cfsFieldShell button:hover {  \tbackground-color:rgba(205,205,205,0.7);}\n#cspFormShell_9_524769 .cfsFieldShell input[type=\"reset\"]:not([type=\"checkbox\"]):not([type=\"radio\"]) {  \tbackground-color: #cdcdcd;\n  \tbackground-image: none;}\n#cspFormShell_9_524769 .cfsFieldShell input[type=\"reset\"]:not([type=\"checkbox\"]):not([type=\"radio\"]):hover {  \tbackground-color:rgba(205,205,205,0.7);}\n\/* Placeholder text color -- selectors need to be separate to work. *\/\n#cspFormShell_9_524769 ::-webkit-input-placeholder {\n\tcolor: rgba(51, 51, 51, 0.3);\n}\n#cspFormShell_9_524769 :-moz-placeholder {\n\tcolor: rgba(51, 51, 51, 0.3);\n}\n#cspFormShell_9_524769 ::-moz-placeholder {\n\tcolor: rgba(51, 51, 51, 0.3);\n\topacity: 1; \/* Since FF19 lowers the opacity of the placeholder by default *\/\n}\n#cspFormShell_9_524769 :-ms-input-placeholder {\n\tcolor: rgba(51, 51, 51, 0.3);\n}#cspFormShell_9_524769 { width: 100%}<\/style><div id=\"cspFormShell_9_524769\" class=\"cfsFormShell\"><form class=\"csfForm\" method=\"post\" action=\"https:\/\/ds-mt.de\/\">\n<div class=\"supRow cfsFieldsRow\"><div class=\"supSm6 cfsFieldCol\" data-name=\"first_name\" data-type=\"text\"><div class=\"cfsFieldShell cfsField_text\" ><input type=\"text\" name=\"fields[first_name]\" value=\"\" data-name=\"first_name\" required  placeholder=\"First Name\" \/><\/div><\/div><div class=\"supSm6 cfsFieldCol\" data-name=\"last_name\" data-type=\"text\"><div class=\"cfsFieldShell cfsField_text\" ><input type=\"text\" name=\"fields[last_name]\" value=\"\" data-name=\"last_name\" placeholder=\"Last Name\" \/><\/div><\/div><\/div><div class=\"supRow cfsFieldsRow\"><div class=\"supSm12 cfsFieldCol\" data-name=\"email\" data-type=\"email\"><div class=\"cfsFieldShell cfsField_email\" ><input type=\"email\" name=\"fields[email]\" value=\"\" data-name=\"email\" required  placeholder=\"Email\" \/><\/div><\/div><\/div><div class=\"supRow cfsFieldsRow\"><div class=\"supSm12 cfsFieldCol\" data-name=\"subject\" data-type=\"text\"><div class=\"cfsFieldShell cfsField_text\" ><input type=\"text\" name=\"fields[subject]\" value=\"\" data-name=\"subject\" required  placeholder=\"Subject\" \/><\/div><\/div><\/div><div class=\"supRow cfsFieldsRow\"><div class=\"supSm12 cfsFieldCol\" data-name=\"message\" data-type=\"textarea\"><div class=\"cfsFieldShell cfsField_textarea\" ><textarea name=\"fields[message]\" data-name=\"message\" required  placeholder=\"Message\" supRows=\"3\" cols=\"50\"><\/textarea><\/div><\/div><\/div><div class=\"supRow cfsFieldsRow\"><div class=\"supSm12 cfsFieldCol\" data-name=\"Datenschutz\" data-type=\"checkbox\"><div class=\"cfsFieldShell cfsField_checkbox\" ><label class=\"cfsCheck\"><input type=\"checkbox\" name=\"fields[Datenschutz]\" value=\"Datenschutz aktzeptiert = Ja\" data-name=\"Datenschutz\" style=\"height: auto; width: auto; margin: 0; padding: 0;\"  required  \/>&nbsp;Sie erkl\u00e4ren sich damit einverstanden, dass Ihre Daten zur Bearbeitung Ihres Anliegens verwendet werden. Weitere Informationen und Widerrufshinweise finden Sie in der Datenschutzerkl\u00e4rung.<\/label><\/div><\/div><\/div><div class=\"supRow cfsFieldsRow\"><div class=\"supSm12 cfsFieldCol\" data-name=\"htmldelim_1\" data-type=\"htmldelim\">Weitere Informationen und Widerrufshinweise finden Sie in der <a href=\"https:\/\/ds-mt.de\/?page_id=263\">Datenschutzerkl\u00e4rung<\/a>.<\/div><\/div><div class=\"supRow cfsFieldsRow\"><div class=\"supSm6 cfsFieldCol\" data-name=\"send\" data-type=\"submit\"><div class=\"cfsFieldShell cfsField_submit\" ><input type=\"submit\" name=\"fields[send]\" value=\"Send\" data-name=\"send\" \/><\/div><\/div><div class=\"supSm6 cfsFieldCol\" data-name=\"reset\" data-type=\"reset\"><div class=\"cfsFieldShell cfsField_reset\" ><input type=\"reset\" name=\"fields[reset]\" value=\"Reset\" data-name=\"reset\" \/><\/div><\/div><\/div>\n<input type=\"hidden\" name=\"mod\" value=\"forms\"  \/><input type=\"hidden\" name=\"action\" value=\"contact\"  \/><input type=\"hidden\" name=\"id\" value=\"9\"  \/><input type=\"hidden\" name=\"_wpnonce\" value=\"100426ea2a\"  \/><div class=\"cfsContactMsg\"><\/div><\/form><\/div><span style=\"display: none !important;\" class=\"cfsFormDesc\">eyJpZCI6IjkiLCJsYWJlbCI6IkNvbnRhY3QiLCJhY3RpdmUiOiIxIiwib3JpZ2luYWxfaWQiOiI0IiwidW5pcXVlX2lkIjoidmJuMjNhIiwicGFyYW1zIjp7InRwbCI6eyJ3aWR0aCI6IjEwMCIsIndpZHRoX21lYXN1cmUiOiIlIiwiYmdfdHlwZV8wIjoibm9uZSIsImJnX2ltZ18wIjoiIiwiYmdfY29sb3JfMCI6IiNjZGNkY2QiLCJiZ190eXBlXzEiOiJjb2xvciIsImJnX2ltZ18xIjoiIiwiYmdfY29sb3JfMSI6IiNjZGNkY2QiLCJiZ190eXBlXzIiOiJjb2xvciIsImJnX2ltZ18yIjoiIiwiYmdfY29sb3JfMiI6IiNjZGNkY2QiLCJiZ190eXBlXzMiOiJjb2xvciIsImJnX2ltZ18zIjoiIiwiYmdfY29sb3JfMyI6IiNjZGNkY2QiLCJmaWVsZF9lcnJvcl9pbnZhbGlkIjoiIiwiZm9ybV9zZW50X21zZyI6IlRoYW5rIHlvdSBmb3IgY29udGFjdGluZyB1cyEiLCJyZWRpcmVjdF9vbl9zdWJtaXQiOiIiLCJ0ZXN0X2VtYWlsIjoiZGF2aWQuc2NodWx6cHJheGlzQGdvb2dsZW1haWwuY29tIiwic2F2ZV9jb250YWN0cyI6IjEiLCJmaWVsZF93cmFwcGVyIjoiPGRpdiBbZmllbGRfc2hlbGxfY2xhc3Nlc10gW2ZpZWxkX3NoZWxsX3N0eWxlc10+W2ZpZWxkXTxcL2Rpdj4ifSwiZmllbGRzIjpbeyJsYWJlbCI6IiIsInBsYWNlaG9sZGVyIjoiRmlyc3QgTmFtZSIsImh0bWwiOiJ0ZXh0IiwidmFsdWUiOiIiLCJtYW5kYXRvcnkiOiIxIiwibmFtZSI6ImZpcnN0X25hbWUiLCJic19jbGFzc19pZCI6IjYiLCJkaXNwbGF5IjoiIiwibWluX3NpemUiOiIiLCJtYXhfc2l6ZSI6IiIsImFkZF9jbGFzc2VzIjoiIiwiYWRkX3N0eWxlcyI6IiIsImFkZF9hdHRyIjoiIiwidm5fb25seV9udW1iZXIiOiIwIiwidm5fb25seV9sZXR0ZXJzIjoiMCIsInZuX3BhdHRlcm4iOiIwIiwiZGVmX2NoZWNrZWQiOiIwIn0seyJsYWJlbCI6IiIsInBsYWNlaG9sZGVyIjoiTGFzdCBOYW1lIiwiaHRtbCI6InRleHQiLCJ2YWx1ZSI6IiIsIm1hbmRhdG9yeSI6IjAiLCJuYW1lIjoibGFzdF9uYW1lIiwiYnNfY2xhc3NfaWQiOiI2IiwiZGlzcGxheSI6IiIsIm1pbl9zaXplIjoiIiwibWF4X3NpemUiOiIiLCJhZGRfY2xhc3NlcyI6IiIsImFkZF9zdHlsZXMiOiIiLCJhZGRfYXR0ciI6IiIsInZuX29ubHlfbnVtYmVyIjoiMCIsInZuX29ubHlfbGV0dGVycyI6IjAiLCJ2bl9wYXR0ZXJuIjoiMCIsImRlZl9jaGVja2VkIjoiMCJ9LHsibGFiZWwiOiIiLCJwbGFjZWhvbGRlciI6IkVtYWlsIiwiaHRtbCI6ImVtYWlsIiwidmFsdWUiOiIiLCJtYW5kYXRvcnkiOiIxIiwibmFtZSI6ImVtYWlsIiwiYnNfY2xhc3NfaWQiOiIxMiIsImRpc3BsYXkiOiJyb3ciLCJtaW5fc2l6ZSI6IiIsIm1heF9zaXplIjoiIiwiYWRkX2NsYXNzZXMiOiIiLCJhZGRfc3R5bGVzIjoiIiwiYWRkX2F0dHIiOiIiLCJ2bl9vbmx5X251bWJlciI6IjAiLCJ2bl9vbmx5X2xldHRlcnMiOiIwIiwidm5fcGF0dGVybiI6IjAiLCJkZWZfY2hlY2tlZCI6IjAifSx7ImxhYmVsIjoiIiwicGxhY2Vob2xkZXIiOiJTdWJqZWN0IiwiaHRtbCI6InRleHQiLCJ2YWx1ZSI6IiIsIm1hbmRhdG9yeSI6IjEiLCJuYW1lIjoic3ViamVjdCIsImJzX2NsYXNzX2lkIjoiMTIiLCJkaXNwbGF5Ijoicm93IiwibWluX3NpemUiOiIiLCJtYXhfc2l6ZSI6IiIsImFkZF9jbGFzc2VzIjoiIiwiYWRkX3N0eWxlcyI6IiIsImFkZF9hdHRyIjoiIiwidm5fb25seV9udW1iZXIiOiIwIiwidm5fb25seV9sZXR0ZXJzIjoiMCIsInZuX3BhdHRlcm4iOiIwIiwiZGVmX2NoZWNrZWQiOiIwIn0seyJsYWJlbCI6IiIsInBsYWNlaG9sZGVyIjoiTWVzc2FnZSIsImh0bWwiOiJ0ZXh0YXJlYSIsInZhbHVlIjoiIiwibWFuZGF0b3J5IjoiMSIsIm5hbWUiOiJtZXNzYWdlIiwiYnNfY2xhc3NfaWQiOiIxMiIsImRpc3BsYXkiOiJyb3ciLCJtaW5fc2l6ZSI6IiIsIm1heF9zaXplIjoiIiwiYWRkX2NsYXNzZXMiOiIiLCJhZGRfc3R5bGVzIjoiIiwiYWRkX2F0dHIiOiIiLCJ2bl9vbmx5X251bWJlciI6IjAiLCJ2bl9vbmx5X2xldHRlcnMiOiIwIiwidm5fcGF0dGVybiI6IjAiLCJkZWZfY2hlY2tlZCI6IjAifSx7ImxhYmVsIjoiU2llIGVya2xcdTAwZTRyZW4gc2ljaCBkYW1pdCBlaW52ZXJzdGFuZGVuLCBkYXNzIElocmUgRGF0ZW4genVyIEJlYXJiZWl0dW5nIElocmVzIEFubGllZ2VucyB2ZXJ3ZW5kZXQgd2VyZGVuLiBXZWl0ZXJlIEluZm9ybWF0aW9uZW4gdW5kIFdpZGVycnVmc2hpbndlaXNlIGZpbmRlbiBTaWUgaW4gZGVyIERhdGVuc2NodXR6ZXJrbFx1MDBlNHJ1bmcuIiwicGxhY2Vob2xkZXIiOiIiLCJodG1sIjoiY2hlY2tib3giLCJ2YWx1ZSI6IkRhdGVuc2NodXR6IGFrdHplcHRpZXJ0ID0gSmEiLCJtYW5kYXRvcnkiOiIxIiwibmFtZSI6IkRhdGVuc2NodXR6IiwiYnNfY2xhc3NfaWQiOiIxMiIsImRpc3BsYXkiOiJyb3ciLCJtaW5fc2l6ZSI6IiIsIm1heF9zaXplIjoiIiwiYWRkX2NsYXNzZXMiOiIiLCJhZGRfc3R5bGVzIjoiIiwiYWRkX2F0dHIiOiIiLCJ2bl9vbmx5X251bWJlciI6IjAiLCJ2bl9vbmx5X2xldHRlcnMiOiIwIiwidm5fcGF0dGVybiI6IiIsInZhbHVlX3ByZXNldCI6InVzZXJfaXAiLCJkZWZfY2hlY2tlZCI6IjAifSx7ImxhYmVsIjoiIiwicGxhY2Vob2xkZXIiOiIiLCJodG1sIjoiaHRtbGRlbGltIiwidmFsdWUiOiJXZWl0ZXJlIEluZm9ybWF0aW9uZW4gdW5kIFdpZGVycnVmc2hpbndlaXNlIGZpbmRlbiBTaWUgaW4gZGVyIDxhIGhyZWY9XCJodHRwczpcL1wvZHMtbXQuZGVcLz9wYWdlX2lkPTI2M1wiPkRhdGVuc2NodXR6ZXJrbFx1MDBlNHJ1bmc8XC9hPi4iLCJtYW5kYXRvcnkiOiIwIiwibmFtZSI6IiIsImJzX2NsYXNzX2lkIjoiMTIiLCJkaXNwbGF5IjoiIiwibWluX3NpemUiOiIiLCJtYXhfc2l6ZSI6IiIsImFkZF9jbGFzc2VzIjoiIiwiYWRkX3N0eWxlcyI6IiIsImFkZF9hdHRyIjoiIiwidm5fb25seV9udW1iZXIiOiIwIiwidm5fb25seV9sZXR0ZXJzIjoiMCIsInZuX3BhdHRlcm4iOiIiLCJkZWZfY2hlY2tlZCI6IjAifSx7ImxhYmVsIjoiU2VuZCIsInBsYWNlaG9sZGVyIjoiIiwiaHRtbCI6InN1Ym1pdCIsInZhbHVlIjoiIiwibWFuZGF0b3J5IjoiMCIsIm5hbWUiOiJzZW5kIiwiYnNfY2xhc3NfaWQiOiI2IiwiZGlzcGxheSI6IiIsIm1pbl9zaXplIjoiIiwibWF4X3NpemUiOiIiLCJhZGRfY2xhc3NlcyI6IiIsImFkZF9zdHlsZXMiOiIiLCJhZGRfYXR0ciI6IiIsInZuX29ubHlfbnVtYmVyIjoiMCIsInZuX29ubHlfbGV0dGVycyI6IjAiLCJ2bl9wYXR0ZXJuIjoiMCIsImRlZl9jaGVja2VkIjoiMCJ9LHsibGFiZWwiOiJSZXNldCIsInBsYWNlaG9sZGVyIjoiIiwiaHRtbCI6InJlc2V0IiwidmFsdWUiOiIiLCJtYW5kYXRvcnkiOiIwIiwibmFtZSI6InJlc2V0IiwiYnNfY2xhc3NfaWQiOiI2IiwiZGlzcGxheSI6IiIsIm1pbl9zaXplIjoiIiwibWF4X3NpemUiOiIiLCJhZGRfY2xhc3NlcyI6IiIsImFkZF9zdHlsZXMiOiIiLCJhZGRfYXR0ciI6IiIsInZuX29ubHlfbnVtYmVyIjoiMCIsInZuX29ubHlfbGV0dGVycyI6IjAiLCJ2bl9wYXR0ZXJuIjoiMCIsImRlZl9jaGVja2VkIjoiMCJ9XSwib3B0c19hdHRycyI6eyJiZ19udW1iZXIiOiI0In19LCJpbWdfcHJldmlldyI6InNpbXBsZS13aGl0ZS5wbmciLCJ2aWV3cyI6IjI2NTUiLCJ1bmlxdWVfdmlld3MiOiIxODAzIiwiYWN0aW9ucyI6IjE0MDQiLCJzb3J0X29yZGVyIjoiMCIsImlzX3BybyI6IjAiLCJhYl9pZCI6IjAiLCJkYXRlX2NyZWF0ZWQiOiIyMDE2LTA1LTAzIDE1OjAxOjAzIiwiaW1nX3ByZXZpZXdfdXJsIjoiaHR0cHM6XC9cL2RzLW10LmRlXC93cC1jb250ZW50XC9wbHVnaW5zXC9jb250YWN0LWZvcm0tYnktc3Vwc3lzdGljXC9hc3NldHNcL2Zvcm1zXC9pbWdcL3ByZXZpZXdcL3NpbXBsZS13aGl0ZS5wbmciLCJ2aWV3X2lkIjoiOV81MjQ3NjkiLCJ2aWV3X2h0bWxfaWQiOiJjc3BGb3JtU2hlbGxfOV81MjQ3NjkiLCJjb25uZWN0X2hhc2giOiI2ZjVhM2I2YTliYWU5ODRkOGQ2MmNkYjkzY2JhMDc1ZCJ9<\/span>\n","protected":false},"excerpt":{"rendered":"<p>F\u00fcr eine Terminvereinbarung nutzen Sie bitte das Kontaktformular oder rufen mich\u00a0an. David Schulz \u2013 Manuelle Therapie Neuer Wall 71 20354 Hamburg Weitere [&hellip;]<\/p>\n","protected":false},"author":1,"featured_media":0,"parent":0,"menu_order":0,"comment_status":"closed","ping_status":"closed","template":"","meta":{"footnotes":""},"class_list":["post-192","page","type-page","status-publish","hentry"],"_links":{"self":[{"href":"https:\/\/ds-mt.de\/index.php?rest_route=\/wp\/v2\/pages\/192","targetHints":{"allow":["GET"]}}],"collection":[{"href":"https:\/\/ds-mt.de\/index.php?rest_route=\/wp\/v2\/pages"}],"about":[{"href":"https:\/\/ds-mt.de\/index.php?rest_route=\/wp\/v2\/types\/page"}],"author":[{"embeddable":true,"href":"https:\/\/ds-mt.de\/index.php?rest_route=\/wp\/v2\/users\/1"}],"replies":[{"embeddable":true,"href":"https:\/\/ds-mt.de\/index.php?rest_route=%2Fwp%2Fv2%2Fcomments&post=192"}],"version-history":[{"count":24,"href":"https:\/\/ds-mt.de\/index.php?rest_route=\/wp\/v2\/pages\/192\/revisions"}],"predecessor-version":[{"id":269,"href":"https:\/\/ds-mt.de\/index.php?rest_route=\/wp\/v2\/pages\/192\/revisions\/269"}],"wp:attachment":[{"href":"https:\/\/ds-mt.de\/index.php?rest_route=%2Fwp%2Fv2%2Fmedia&parent=192"}],"curies":[{"name":"wp","href":"https:\/\/api.w.org\/{rel}","templated":true}]}}