{"id":137,"date":"2016-10-15T14:53:57","date_gmt":"2016-10-15T14:53:57","guid":{"rendered":"http:\/\/ds-mt.de\/?page_id=137"},"modified":"2016-10-25T06:39:05","modified_gmt":"2016-10-25T06:39:05","slug":"therapie","status":"publish","type":"page","link":"https:\/\/ds-mt.de\/","title":{"rendered":""},"content":{"rendered":"<p style=\"text-align: justify;\">Klagen Sie \u00fcber langanhaltende Schmerzen?\u00a0Dann gilt es hierf\u00fcr die Ursache zu finden. Nur durch die Beseitigung der ausl\u00f6senden Ursachen lassen sich schmerzhafte Strukturen dauerhaft entlasten und die Beschwerden beseitigen. Dies erfordert eine ausf\u00fchrliche Anamnese und Diagnostik, um Ihnen eine zielgerichtete und strukturierte Behandlung zu erm\u00f6glichen. Jede erfolgreiche Behandlung setzt ein bestimmtes Ma\u00df an aktivem Mitwirken und Kooperation voraus. Dazu geh\u00f6rt\u00a0ein gemeinsames Erarbeiten eines speziellen Heimprogrammes, die Minimierung Ihrer Fehlbelastung\u00a0und die Sensibilisierung f\u00fcr Ihren Alltag.<\/p>\n<p>Mein Ziel ist, Ihnen\u00a0die \u00a0besten Chancen auf eine schnellstm\u00f6gliche Genesung zu bieten.<\/p>\n","protected":false},"excerpt":{"rendered":"<p>Klagen Sie \u00fcber langanhaltende Schmerzen?\u00a0Dann gilt es hierf\u00fcr die Ursache zu finden. Nur durch die Beseitigung der ausl\u00f6senden Ursachen lassen sich schmerzhafte [&hellip;]<\/p>\n","protected":false},"author":2,"featured_media":0,"parent":0,"menu_order":0,"comment_status":"closed","ping_status":"closed","template":"","meta":{"footnotes":""},"class_list":["post-137","page","type-page","status-publish","hentry"],"_links":{"self":[{"href":"https:\/\/ds-mt.de\/index.php?rest_route=\/wp\/v2\/pages\/137","targetHints":{"allow":["GET"]}}],"collection":[{"href":"https:\/\/ds-mt.de\/index.php?rest_route=\/wp\/v2\/pages"}],"about":[{"href":"https:\/\/ds-mt.de\/index.php?rest_route=\/wp\/v2\/types\/page"}],"author":[{"embeddable":true,"href":"https:\/\/ds-mt.de\/index.php?rest_route=\/wp\/v2\/users\/2"}],"replies":[{"embeddable":true,"href":"https:\/\/ds-mt.de\/index.php?rest_route=%2Fwp%2Fv2%2Fcomments&post=137"}],"version-history":[{"count":13,"href":"https:\/\/ds-mt.de\/index.php?rest_route=\/wp\/v2\/pages\/137\/revisions"}],"predecessor-version":[{"id":243,"href":"https:\/\/ds-mt.de\/index.php?rest_route=\/wp\/v2\/pages\/137\/revisions\/243"}],"wp:attachment":[{"href":"https:\/\/ds-mt.de\/index.php?rest_route=%2Fwp%2Fv2%2Fmedia&parent=137"}],"curies":[{"name":"wp","href":"https:\/\/api.w.org\/{rel}","templated":true}]}}